{"id":4007,"date":"2024-01-18T16:03:30","date_gmt":"2024-01-18T15:03:30","guid":{"rendered":"https:\/\/www.auberge-de-la-source.fr\/?page_id=4007"},"modified":"2024-05-21T12:42:30","modified_gmt":"2024-05-21T10:42:30","slug":"fruhstuck-hotel-restaurant-auberge-de-la-source","status":"publish","type":"page","link":"https:\/\/www.auberge-de-la-source.fr\/de\/restauration-hotel-restaurant-de-charme\/petit-dejeuner-hotel-restaurant-auberge-de-la-source\/","title":{"rendered":"Fr\u00fchst\u00fcck"},"content":{"rendered":"<div data-elementor-type=\"wp-page\" data-elementor-id=\"4007\" class=\"elementor elementor-4007\" data-elementor-post-type=\"page\">\n\t\t\t\t<div class=\"elementor-element elementor-element-a9de38d e-con-full e-flex e-con e-parent\" data-id=\"a9de38d\" data-element_type=\"container\" data-e-type=\"container\" data-settings=\"{&quot;background_background&quot;:&quot;classic&quot;}\">\n\t\t\t\t<div class=\"elementor-element elementor-element-a8b0d1a elementor-widget elementor-widget-image\" data-id=\"a8b0d1a\" data-element_type=\"widget\" data-e-type=\"widget\" data-widget_type=\"image.default\">\n\t\t\t\t<div class=\"elementor-widget-container\">\n\t\t\t\t\t\t\t\t\t\t\t\t\t\t\t<img fetchpriority=\"high\" decoding=\"async\" width=\"800\" height=\"800\" src=\"https:\/\/www.auberge-de-la-source.fr\/wp-content\/uploads\/2024\/02\/AUBERGEDELASOURCE_SILHOUETE_BLANC_ILLU_VERTICAL.svg\" class=\"attachment-large size-large wp-image-5552\" alt=\"\" title=\"\">\t\t\t\t\t\t\t\t\t\t\t\t\t\t\t<\/div>\n\t\t\t\t<\/div>\n\t\t\t\t<\/div>\n\t\t<div class=\"elementor-element elementor-element-d371706 e-con-full e-flex e-con e-parent\" data-id=\"d371706\" data-element_type=\"container\" data-e-type=\"container\" data-settings=\"{&quot;background_background&quot;:&quot;classic&quot;}\">\n\t\t<div class=\"elementor-element elementor-element-4ce7e97 e-con-full translateY50 e-flex e-con e-child\" data-id=\"4ce7e97\" data-element_type=\"container\" data-e-type=\"container\" data-settings=\"{&quot;position&quot;:&quot;fixed&quot;}\">\n\t\t\t\t<div class=\"elementor-element elementor-element-eff60e3 elementor-widget elementor-widget-heading\" data-id=\"eff60e3\" data-element_type=\"widget\" data-e-type=\"widget\" data-widget_type=\"heading.default\">\n\t\t\t\t<div class=\"elementor-widget-container\">\n\t\t\t\t\t<h1 class=\"elementor-heading-title elementor-size-default\">Hotel-Restaurant Auberge de la source<\/h1>\t\t\t\t<\/div>\n\t\t\t\t<\/div>\n\t\t\t\t<div class=\"elementor-element elementor-element-06531c0 elementor-widget elementor-widget-heading\" data-id=\"06531c0\" data-element_type=\"widget\" data-e-type=\"widget\" data-widget_type=\"heading.default\">\n\t\t\t\t<div class=\"elementor-widget-container\">\n\t\t\t\t\t<h1 class=\"elementor-heading-title elementor-size-default\">Fr\u00fchst\u00fcck<\/h1>\t\t\t\t<\/div>\n\t\t\t\t<\/div>\n\t\t\t\t<div class=\"elementor-element elementor-element-8f43058 elementor-widget elementor-widget-text-editor\" data-id=\"8f43058\" data-element_type=\"widget\" data-e-type=\"widget\" data-widget_type=\"text-editor.default\">\n\t\t\t\t<div class=\"elementor-widget-container\">\n\t\t\t\t\t\t\t\t\t<p>Beginnen Sie Ihren Tag auf die s\u00fc\u00dfeste Art und Weise, indem Sie sich um sich selbst k\u00fcmmern. Unser Fr\u00fchst\u00fcck ist ein wahrhaft magischer Moment, der im Fr\u00fchst\u00fccksraum unseres Hotels serviert wird. <strong><a href=\"https:\/\/www.auberge-de-la-source.fr\/de\/restaurierung-hotel-restaurant-mit-charme\/auberge-de-la-source-restaurant\/\">Restaurant<\/a> <\/strong>Auberge de la Source (Gasthaus zur Quelle).<\/p>\t\t\t\t\t\t\t\t<\/div>\n\t\t\t\t<\/div>\n\t\t\t\t<\/div>\n\t\t<div class=\"elementor-element elementor-element-582507a e-con-full elementor-hidden-mobile e-flex e-con e-child\" data-id=\"582507a\" data-element_type=\"container\" data-e-type=\"container\">\n\t\t\t\t<\/div>\n\t\t\t\t<\/div>\n\t\t<div class=\"elementor-element elementor-element-c1fa9d7 e-flex e-con-boxed e-con e-parent\" data-id=\"c1fa9d7\" data-element_type=\"container\" data-e-type=\"container\" data-settings=\"{&quot;background_background&quot;:&quot;classic&quot;}\">\n\t\t\t\t\t<div class=\"e-con-inner\">\n\t\t\t\t<div class=\"elementor-element elementor-element-df8a427 elementor-absolute tache-gauche elementor-widget elementor-widget-image\" data-id=\"df8a427\" data-element_type=\"widget\" data-e-type=\"widget\" data-settings=\"{&quot;_position&quot;:&quot;absolute&quot;}\" data-widget_type=\"image.default\">\n\t\t\t\t<div class=\"elementor-widget-container\">\n\t\t\t\t\t\t\t\t\t\t\t\t\t\t\t<img decoding=\"async\" width=\"600\" height=\"353\" src=\"https:\/\/www.auberge-de-la-source.fr\/wp-content\/uploads\/2023\/12\/tache.png\" class=\"attachment-large size-large wp-image-933\" alt=\"\" srcset=\"https:\/\/www.auberge-de-la-source.fr\/wp-content\/uploads\/2023\/12\/tache.png 600w, https:\/\/www.auberge-de-la-source.fr\/wp-content\/uploads\/2023\/12\/tache-300x177.png 300w, https:\/\/www.auberge-de-la-source.fr\/wp-content\/uploads\/2023\/12\/tache-18x12.png 18w\" sizes=\"(max-width: 600px) 100vw, 600px\" title=\"\">\t\t\t\t\t\t\t\t\t\t\t\t\t\t\t<\/div>\n\t\t\t\t<\/div>\n\t\t\t\t<div class=\"elementor-element elementor-element-2d1f7a1 elementor-absolute tache-droite elementor-hidden-mobile elementor-widget elementor-widget-image\" data-id=\"2d1f7a1\" data-element_type=\"widget\" data-e-type=\"widget\" data-settings=\"{&quot;_position&quot;:&quot;absolute&quot;}\" data-widget_type=\"image.default\">\n\t\t\t\t<div class=\"elementor-widget-container\">\n\t\t\t\t\t\t\t\t\t\t\t\t\t\t\t<img decoding=\"async\" width=\"600\" height=\"353\" src=\"https:\/\/www.auberge-de-la-source.fr\/wp-content\/uploads\/2023\/12\/tache.png\" class=\"attachment-large size-large wp-image-933\" alt=\"\" srcset=\"https:\/\/www.auberge-de-la-source.fr\/wp-content\/uploads\/2023\/12\/tache.png 600w, https:\/\/www.auberge-de-la-source.fr\/wp-content\/uploads\/2023\/12\/tache-300x177.png 300w, https:\/\/www.auberge-de-la-source.fr\/wp-content\/uploads\/2023\/12\/tache-18x12.png 18w\" sizes=\"(max-width: 600px) 100vw, 600px\" title=\"\">\t\t\t\t\t\t\t\t\t\t\t\t\t\t\t<\/div>\n\t\t\t\t<\/div>\n\t\t<div class=\"elementor-element elementor-element-60c03dd e-con-full e-flex e-con e-child\" data-id=\"60c03dd\" data-element_type=\"container\" data-e-type=\"container\">\n\t\t\t\t<div class=\"elementor-element elementor-element-b09268c elementor-widget elementor-widget-image\" data-id=\"b09268c\" data-element_type=\"widget\" data-e-type=\"widget\" data-widget_type=\"image.default\">\n\t\t\t\t<div class=\"elementor-widget-container\">\n\t\t\t\t\t\t\t\t\t\t\t\t\t\t\t<img decoding=\"async\" width=\"800\" height=\"534\" src=\"https:\/\/www.auberge-de-la-source.fr\/wp-content\/uploads\/2024\/02\/En-chambre-2-1024x683.jpg\" class=\"attachment-large size-large wp-image-5892\" alt=\"detail des Fr\u00fchst\u00fccks mit Geb\u00e4ck, Obstsalat und Kompott - hotel restaurant auberge de la source\" srcset=\"https:\/\/www.auberge-de-la-source.fr\/wp-content\/uploads\/2024\/02\/En-chambre-2-1024x683.jpg 1024w, https:\/\/www.auberge-de-la-source.fr\/wp-content\/uploads\/2024\/02\/En-chambre-2-300x200.jpg 300w, https:\/\/www.auberge-de-la-source.fr\/wp-content\/uploads\/2024\/02\/En-chambre-2-768x512.jpg 768w, https:\/\/www.auberge-de-la-source.fr\/wp-content\/uploads\/2024\/02\/En-chambre-2-1536x1024.jpg 1536w, https:\/\/www.auberge-de-la-source.fr\/wp-content\/uploads\/2024\/02\/En-chambre-2-2048x1366.jpg 2048w, https:\/\/www.auberge-de-la-source.fr\/wp-content\/uploads\/2024\/02\/En-chambre-2-18x12.jpg 18w\" sizes=\"(max-width: 800px) 100vw, 800px\" title=\"\">\t\t\t\t\t\t\t\t\t\t\t\t\t\t\t<\/div>\n\t\t\t\t<\/div>\n\t\t\t\t<\/div>\n\t\t<div class=\"elementor-element elementor-element-dc987af e-con-full e-flex e-con e-child\" data-id=\"dc987af\" data-element_type=\"container\" data-e-type=\"container\">\n\t\t<div class=\"elementor-element elementor-element-c8e1e76 e-con-full content-droite e-flex e-con e-child\" data-id=\"c8e1e76\" data-element_type=\"container\" data-e-type=\"container\">\n\t\t\t\t<div class=\"elementor-element elementor-element-93ccf01 elementor-widget elementor-widget-heading\" data-id=\"93ccf01\" data-element_type=\"widget\" data-e-type=\"widget\" data-widget_type=\"heading.default\">\n\t\t\t\t<div class=\"elementor-widget-container\">\n\t\t\t\t\t<h2 class=\"elementor-heading-title elementor-size-default\">Frische Produkte<\/h2>\t\t\t\t<\/div>\n\t\t\t\t<\/div>\n\t\t\t\t<div class=\"elementor-element elementor-element-9fb4b34 elementor-widget elementor-widget-text-editor\" data-id=\"9fb4b34\" data-element_type=\"widget\" data-e-type=\"widget\" data-widget_type=\"text-editor.default\">\n\t\t\t\t<div class=\"elementor-widget-container\">\n\t\t\t\t\t\t\t\t\t<p>Frische und hausgemachte Produkte bestimmen den Rhythmus unseres Fr\u00fchst\u00fccksbuffets. Unsere K\u00fcchenteams stellen einen Gro\u00dfteil der Produkte auf dem Buffet selbst her, von Geb\u00e4ck \u00fcber Marmeladen und Aufstriche bis hin zu ger\u00e4uchertem Lachs und Honig aus unseren Bienenst\u00f6cken.<\/p>\t\t\t\t\t\t\t\t<\/div>\n\t\t\t\t<\/div>\n\t\t\t\t<\/div>\n\t\t\t\t<\/div>\n\t\t<div class=\"elementor-element elementor-element-e4a5c2b e-con-full content-gauche e-flex e-con e-child\" data-id=\"e4a5c2b\" data-element_type=\"container\" data-e-type=\"container\">\n\t\t<div class=\"elementor-element elementor-element-bdc1401 e-con-full e-flex e-con e-child\" data-id=\"bdc1401\" data-element_type=\"container\" data-e-type=\"container\">\n\t\t\t\t<div class=\"elementor-element elementor-element-5d46b24 elementor-widget elementor-widget-heading\" data-id=\"5d46b24\" data-element_type=\"widget\" data-e-type=\"widget\" data-widget_type=\"heading.default\">\n\t\t\t\t<div class=\"elementor-widget-container\">\n\t\t\t\t\t<h2 class=\"elementor-heading-title elementor-size-default\">Informationen &amp; Preise<\/h2>\t\t\t\t<\/div>\n\t\t\t\t<\/div>\n\t\t\t\t<div class=\"elementor-element elementor-element-db003f3 elementor-widget elementor-widget-text-editor\" data-id=\"db003f3\" data-element_type=\"widget\" data-e-type=\"widget\" data-widget_type=\"text-editor.default\">\n\t\t\t\t<div class=\"elementor-widget-container\">\n\t\t\t\t\t\t\t\t\t<p>Unser Fr\u00fchst\u00fccksbuffet wird jeden Tag ab 8:00 Uhr serviert und kostet 25 \u20ac pro Person.<\/p>\t\t\t\t\t\t\t\t<\/div>\n\t\t\t\t<\/div>\n\t\t\t\t<\/div>\n\t\t\t\t<\/div>\n\t\t<div class=\"elementor-element elementor-element-27a1563 e-con-full e-flex e-con e-child\" data-id=\"27a1563\" data-element_type=\"container\" data-e-type=\"container\">\n\t\t\t\t<div class=\"elementor-element elementor-element-68ae986 image-gauche elementor-widget elementor-widget-image\" data-id=\"68ae986\" data-element_type=\"widget\" data-e-type=\"widget\" data-widget_type=\"image.default\">\n\t\t\t\t<div class=\"elementor-widget-container\">\n\t\t\t\t\t\t\t\t\t\t\t\t\t\t\t<img loading=\"lazy\" decoding=\"async\" width=\"800\" height=\"534\" src=\"https:\/\/www.auberge-de-la-source.fr\/wp-content\/uploads\/2024\/02\/En-chambre-3-1024x683.jpg\" class=\"attachment-large size-large wp-image-5893\" alt=\"s\u00fc\u00dfes fr\u00fchst\u00fcck - hotel restaurant auberge de la source\" srcset=\"https:\/\/www.auberge-de-la-source.fr\/wp-content\/uploads\/2024\/02\/En-chambre-3-1024x683.jpg 1024w, https:\/\/www.auberge-de-la-source.fr\/wp-content\/uploads\/2024\/02\/En-chambre-3-300x200.jpg 300w, https:\/\/www.auberge-de-la-source.fr\/wp-content\/uploads\/2024\/02\/En-chambre-3-768x512.jpg 768w, https:\/\/www.auberge-de-la-source.fr\/wp-content\/uploads\/2024\/02\/En-chambre-3-1536x1024.jpg 1536w, https:\/\/www.auberge-de-la-source.fr\/wp-content\/uploads\/2024\/02\/En-chambre-3-2048x1366.jpg 2048w, https:\/\/www.auberge-de-la-source.fr\/wp-content\/uploads\/2024\/02\/En-chambre-3-18x12.jpg 18w\" sizes=\"(max-width: 800px) 100vw, 800px\" title=\"\">\t\t\t\t\t\t\t\t\t\t\t\t\t\t\t<\/div>\n\t\t\t\t<\/div>\n\t\t\t\t<\/div>\n\t\t\t\t\t<\/div>\n\t\t\t\t<\/div>\n\t\t<div class=\"elementor-element elementor-element-8d987f6 e-flex e-con-boxed e-con e-parent\" data-id=\"8d987f6\" data-element_type=\"container\" data-e-type=\"container\" data-settings=\"{&quot;background_background&quot;:&quot;classic&quot;}\">\n\t\t\t\t\t<div class=\"e-con-inner\">\n\t\t\t\t<div class=\"elementor-element elementor-element-2c88b1d elementor-widget-divider--view-line_text elementor-widget-divider--element-align-right separateur elementor-widget elementor-widget-divider\" data-id=\"2c88b1d\" data-element_type=\"widget\" data-e-type=\"widget\" data-widget_type=\"divider.default\">\n\t\t\t\t<div class=\"elementor-widget-container\">\n\t\t\t\t\t\t\t<div class=\"elementor-divider\">\n\t\t\t<span class=\"elementor-divider-separator\">\n\t\t\t\t\t\t\t<span class=\"elementor-divider__text elementor-divider__element\">\n\t\t\t\tRestaurants\t\t\t\t<\/span>\n\t\t\t\t\t\t<\/span>\n\t\t<\/div>\n\t\t\t\t\t\t<\/div>\n\t\t\t\t<\/div>\n\t\t<div class=\"elementor-element elementor-element-201b010 e-flex e-con-boxed e-con e-child\" data-id=\"201b010\" data-element_type=\"container\" data-e-type=\"container\">\n\t\t\t\t\t<div class=\"e-con-inner\">\n\t\t<div class=\"elementor-element elementor-element-212ec65 e-flex e-con-boxed e-con e-child\" data-id=\"212ec65\" data-element_type=\"container\" data-e-type=\"container\" data-settings=\"{&quot;background_background&quot;:&quot;classic&quot;}\">\n\t\t\t\t\t<div class=\"e-con-inner\">\n\t\t\t\t<div class=\"elementor-element elementor-element-013bc20 elementor-widget elementor-widget-heading\" data-id=\"013bc20\" data-element_type=\"widget\" data-e-type=\"widget\" data-widget_type=\"heading.default\">\n\t\t\t\t<div class=\"elementor-widget-container\">\n\t\t\t\t\t<h2 class=\"elementor-heading-title elementor-size-default\">Das Restaurant der Auberge<\/h2>\t\t\t\t<\/div>\n\t\t\t\t<\/div>\n\t\t\t\t<div class=\"elementor-element elementor-element-9d4f0d7 elementor-align-left btn-lottie center elementor-widget elementor-widget-lottie\" data-id=\"9d4f0d7\" data-element_type=\"widget\" data-e-type=\"widget\" data-settings=\"{&quot;source_json&quot;:{&quot;url&quot;:&quot;https:\\\/\\\/www.auberge-de-la-source.fr\\\/wp-content\\\/uploads\\\/2023\\\/12\\\/Animation_Lottie_Blanc.json&quot;,&quot;id&quot;:990,&quot;size&quot;:&quot;&quot;,&quot;alt&quot;:&quot;&quot;,&quot;source&quot;:&quot;library&quot;},&quot;caption_source&quot;:&quot;custom&quot;,&quot;caption&quot;:&quot;D\\u00e9couvrir&quot;,&quot;link_to&quot;:&quot;custom&quot;,&quot;trigger&quot;:&quot;on_hover&quot;,&quot;on_hover_out&quot;:&quot;reverse&quot;,&quot;source&quot;:&quot;media_file&quot;,&quot;custom_link&quot;:{&quot;url&quot;:&quot;https:\\\/\\\/www.auberge-de-la-source.fr\\\/de\\\/restauration-hotel-restaurant-de-charme\\\/auberge-de-la-source-restaurant\\\/&quot;,&quot;is_external&quot;:&quot;&quot;,&quot;nofollow&quot;:&quot;&quot;,&quot;custom_attributes&quot;:&quot;&quot;},&quot;hover_area&quot;:&quot;animation&quot;,&quot;play_speed&quot;:{&quot;unit&quot;:&quot;px&quot;,&quot;size&quot;:1,&quot;sizes&quot;:[]},&quot;start_point&quot;:{&quot;unit&quot;:&quot;%&quot;,&quot;size&quot;:0,&quot;sizes&quot;:[]},&quot;end_point&quot;:{&quot;unit&quot;:&quot;%&quot;,&quot;size&quot;:100,&quot;sizes&quot;:[]},&quot;renderer&quot;:&quot;svg&quot;}\" data-widget_type=\"lottie.default\">\n\t\t\t\t<div class=\"elementor-widget-container\">\n\t\t\t\t\t<a class=\"e-lottie__container__link\" href=\"https:\/\/www.auberge-de-la-source.fr\/de\/restauration-hotel-restaurant-de-charme\/auberge-de-la-source-restaurant\/\"><div class=\"e-lottie__container\"><div class=\"e-lottie__animation\"><\/div><p class=\"e-lottie__caption\"> Entdecken Sie<\/p><\/div><\/a>\t\t\t\t<\/div>\n\t\t\t\t<\/div>\n\t\t\t\t\t<\/div>\n\t\t\t\t<\/div>\n\t\t\t\t\t<\/div>\n\t\t\t\t<\/div>\n\t\t\t\t\t<\/div>\n\t\t\t\t<\/div>\n\t\t\t\t<\/div>","protected":false},"excerpt":{"rendered":"<p>H\u00f4tel restaurant Auberge de la source Petit-d\u00e9jeuner D\u00e9marrez vos journ\u00e9es de la plus douce des mani\u00e8res, en prenant soin de vous. Notre petit-d\u00e9jeuner est un v\u00e9ritable instant de magie servi dans la salle de notre h\u00f4tel restaurant Auberge de la Source. Des produits frais Des produits frais et faits maison rythment notre petit-d\u00e9jeuner buffet. Nos [&hellip;]<\/p>\n","protected":false},"author":5,"featured_media":0,"parent":74,"menu_order":0,"comment_status":"closed","ping_status":"closed","template":"","meta":{"inline_featured_image":false,"footnotes":""},"class_list":["post-4007","page","type-page","status-publish","hentry"],"_links":{"self":[{"href":"https:\/\/www.auberge-de-la-source.fr\/de\/wp-json\/wp\/v2\/pages\/4007","targetHints":{"allow":["GET"]}}],"collection":[{"href":"https:\/\/www.auberge-de-la-source.fr\/de\/wp-json\/wp\/v2\/pages"}],"about":[{"href":"https:\/\/www.auberge-de-la-source.fr\/de\/wp-json\/wp\/v2\/types\/page"}],"author":[{"embeddable":true,"href":"https:\/\/www.auberge-de-la-source.fr\/de\/wp-json\/wp\/v2\/users\/5"}],"replies":[{"embeddable":true,"href":"https:\/\/www.auberge-de-la-source.fr\/de\/wp-json\/wp\/v2\/comments?post=4007"}],"version-history":[{"count":55,"href":"https:\/\/www.auberge-de-la-source.fr\/de\/wp-json\/wp\/v2\/pages\/4007\/revisions"}],"predecessor-version":[{"id":7060,"href":"https:\/\/www.auberge-de-la-source.fr\/de\/wp-json\/wp\/v2\/pages\/4007\/revisions\/7060"}],"up":[{"embeddable":true,"href":"https:\/\/www.auberge-de-la-source.fr\/de\/wp-json\/wp\/v2\/pages\/74"}],"wp:attachment":[{"href":"https:\/\/www.auberge-de-la-source.fr\/de\/wp-json\/wp\/v2\/media?parent=4007"}],"curies":[{"name":"wp","href":"https:\/\/api.w.org\/{rel}","templated":true}]}}