{"id":74,"date":"2023-12-14T11:56:59","date_gmt":"2023-12-14T10:56:59","guid":{"rendered":"https:\/\/www.auberge-de-la-source.fr\/?page_id=74"},"modified":"2026-03-10T09:05:17","modified_gmt":"2026-03-10T08:05:17","slug":"restauro-hotel-ristorante-de-charme","status":"publish","type":"page","link":"https:\/\/www.auberge-de-la-source.fr\/it\/restauration-hotel-restaurant-de-charme\/","title":{"rendered":"Ristoranti"},"content":{"rendered":"<div data-elementor-type=\"wp-page\" data-elementor-id=\"74\" class=\"elementor elementor-74\" data-elementor-post-type=\"page\">\n\t\t\t\t<div class=\"elementor-element elementor-element-2affe03 e-con-full e-flex e-con e-parent\" data-id=\"2affe03\" data-element_type=\"container\" data-e-type=\"container\" id=\"resto-preload\" data-settings=\"{&quot;position&quot;:&quot;absolute&quot;,&quot;background_background&quot;:&quot;classic&quot;}\">\n\t\t\t\t<div class=\"elementor-element elementor-element-48bc507 titre-resto elementor-widget elementor-widget-heading\" data-id=\"48bc507\" data-element_type=\"widget\" data-e-type=\"widget\" data-widget_type=\"heading.default\">\n\t\t\t\t<div class=\"elementor-widget-container\">\n\t\t\t\t\t<span class=\"elementor-heading-title elementor-size-default\">Ristoranti<\/span>\t\t\t\t<\/div>\n\t\t\t\t<\/div>\n\t\t\t\t<\/div>\n\t\t<div class=\"elementor-element elementor-element-60209b5 e-con-full e-flex e-con e-parent\" data-id=\"60209b5\" data-element_type=\"container\" data-e-type=\"container\" id=\"resto-ecran1\">\n\t\t\t\t<div class=\"elementor-element elementor-element-c518581 elementor-widget elementor-widget-image\" data-id=\"c518581\" data-element_type=\"widget\" data-e-type=\"widget\" data-widget_type=\"image.default\">\n\t\t\t\t<div class=\"elementor-widget-container\">\n\t\t\t\t\t\t\t\t\t\t\t\t\t\t\t<img fetchpriority=\"high\" decoding=\"async\" width=\"2560\" height=\"1707\" src=\"https:\/\/www.auberge-de-la-source.fr\/wp-content\/uploads\/2024\/02\/Restaurant-5-scaled.jpg\" class=\"attachment-full size-full wp-image-5884\" alt=\"ristorante dell&#039;auberge de la source dall&#039;atmosfera accogliente e calorosa - ristorante d&#039;albergo di charme\" srcset=\"https:\/\/www.auberge-de-la-source.fr\/wp-content\/uploads\/2024\/02\/Restaurant-5-scaled.jpg 2560w, https:\/\/www.auberge-de-la-source.fr\/wp-content\/uploads\/2024\/02\/Restaurant-5-300x200.jpg 300w, https:\/\/www.auberge-de-la-source.fr\/wp-content\/uploads\/2024\/02\/Restaurant-5-1024x683.jpg 1024w, https:\/\/www.auberge-de-la-source.fr\/wp-content\/uploads\/2024\/02\/Restaurant-5-768x512.jpg 768w, https:\/\/www.auberge-de-la-source.fr\/wp-content\/uploads\/2024\/02\/Restaurant-5-1536x1024.jpg 1536w, https:\/\/www.auberge-de-la-source.fr\/wp-content\/uploads\/2024\/02\/Restaurant-5-2048x1365.jpg 2048w, https:\/\/www.auberge-de-la-source.fr\/wp-content\/uploads\/2024\/02\/Restaurant-5-18x12.jpg 18w\" sizes=\"(max-width: 2560px) 100vw, 2560px\" title=\"\">\t\t\t\t\t\t\t\t\t\t\t\t\t\t\t<\/div>\n\t\t\t\t<\/div>\n\t\t<div class=\"elementor-element elementor-element-93f305a e-flex e-con-boxed e-con e-child\" data-id=\"93f305a\" data-element_type=\"container\" data-e-type=\"container\">\n\t\t\t\t\t<div class=\"e-con-inner\">\n\t\t\t\t<div class=\"elementor-element elementor-element-33759d9 elementor-widget elementor-widget-heading\" data-id=\"33759d9\" data-element_type=\"widget\" data-e-type=\"widget\" data-widget_type=\"heading.default\">\n\t\t\t\t<div class=\"elementor-widget-container\">\n\t\t\t\t\t<h1 class=\"elementor-heading-title elementor-size-default\">Ristorante dell'hotel di charme<\/h1>\t\t\t\t<\/div>\n\t\t\t\t<\/div>\n\t\t\t\t<div class=\"elementor-element elementor-element-369821d elementor-widget elementor-widget-heading\" data-id=\"369821d\" data-element_type=\"widget\" data-e-type=\"widget\" data-widget_type=\"heading.default\">\n\t\t\t\t<div class=\"elementor-widget-container\">\n\t\t\t\t\t<h2 class=\"elementor-heading-title elementor-size-default\">Mangiare all'Auberge de la Source<\/h2>\t\t\t\t<\/div>\n\t\t\t\t<\/div>\n\t\t\t\t<div class=\"elementor-element elementor-element-8884c93 elementor-widget elementor-widget-text-editor\" data-id=\"8884c93\" data-element_type=\"widget\" data-e-type=\"widget\" data-widget_type=\"text-editor.default\">\n\t\t\t\t<div class=\"elementor-widget-container\">\n\t\t\t\t\t\t\t\t\t<p>Sapori gustosi sapientemente orchestrati a partire dai prodotti locali della Normandia: questo \u00e8 ci\u00f2 che gli chef Pierre Hanquez e Matthieu Pouleur, rispettivamente Chef del ristorante ed Executive Chef dell'hotel, hanno fatto. <a href=\"https:\/\/www.collectionsaintsimeon.com\/fr\/\" rel=\"nofollow noopener\" target=\"_blank\"><strong>Collezione Saint-Sim\u00e9on<\/strong><\/a>.<\/p>\t\t\t\t\t\t\t\t<\/div>\n\t\t\t\t<\/div>\n\t\t\t\t\t<\/div>\n\t\t\t\t<\/div>\n\t\t\t\t<\/div>\n\t\t<div class=\"elementor-element elementor-element-4d7f6fc e-con-full e-flex e-con e-parent\" data-id=\"4d7f6fc\" data-element_type=\"container\" data-e-type=\"container\" data-settings=\"{&quot;background_background&quot;:&quot;classic&quot;}\">\n\t\t<div class=\"elementor-element elementor-element-7bdc060 e-con-full e-flex e-con e-child\" data-id=\"7bdc060\" data-element_type=\"container\" data-e-type=\"container\">\n\t\t\t\t<div class=\"elementor-element elementor-element-24b10bc elementor-widget elementor-widget-heading\" data-id=\"24b10bc\" data-element_type=\"widget\" data-e-type=\"widget\" data-widget_type=\"heading.default\">\n\t\t\t\t<div class=\"elementor-widget-container\">\n\t\t\t\t\t<div class=\"elementor-heading-title elementor-size-default\">Ristorante<\/div>\t\t\t\t<\/div>\n\t\t\t\t<\/div>\n\t\t\t\t<div class=\"elementor-element elementor-element-f59587d elementor-widget elementor-widget-heading\" data-id=\"f59587d\" data-element_type=\"widget\" data-e-type=\"widget\" data-widget_type=\"heading.default\">\n\t\t\t\t<div class=\"elementor-widget-container\">\n\t\t\t\t\t<h2 class=\"elementor-heading-title elementor-size-default\">Il ristorante Auberge<\/h2>\t\t\t\t<\/div>\n\t\t\t\t<\/div>\n\t\t\t\t<div class=\"elementor-element elementor-element-f6cb30c elementor-widget elementor-widget-text-editor\" data-id=\"f6cb30c\" data-element_type=\"widget\" data-e-type=\"widget\" data-widget_type=\"text-editor.default\">\n\t\t\t\t<div class=\"elementor-widget-container\">\n\t\t\t\t\t\t\t\t\t<p>Il nostro chef e la sua brigata preparano piatti in base alle stagioni e alle bancarelle del mercato. Assaporate la loro cucina davanti al focolare in inverno o sotto i meli in estate. Il menu viene creato ogni giorno a partire dalle ricchezze della Normandia.<\/p>\t\t\t\t\t\t\t\t<\/div>\n\t\t\t\t<\/div>\n\t\t\t\t<div class=\"elementor-element elementor-element-8fb688e btn-lottie center elementor-align-center elementor-widget elementor-widget-lottie\" data-id=\"8fb688e\" data-element_type=\"widget\" data-e-type=\"widget\" data-settings=\"{&quot;source_json&quot;:{&quot;url&quot;:&quot;https:\\\/\\\/www.auberge-de-la-source.fr\\\/wp-content\\\/uploads\\\/2024\\\/02\\\/Animation-Lottie-Horizontale.json&quot;,&quot;id&quot;:6161,&quot;size&quot;:&quot;&quot;,&quot;alt&quot;:&quot;&quot;,&quot;source&quot;:&quot;library&quot;},&quot;caption_source&quot;:&quot;custom&quot;,&quot;caption&quot;:&quot;D\\u00e9couvrir&quot;,&quot;link_to&quot;:&quot;custom&quot;,&quot;trigger&quot;:&quot;on_hover&quot;,&quot;on_hover_out&quot;:&quot;reverse&quot;,&quot;source&quot;:&quot;media_file&quot;,&quot;custom_link&quot;:{&quot;url&quot;:&quot;https:\\\/\\\/www.auberge-de-la-source.fr\\\/it\\\/restauration-hotel-restaurant-de-charme\\\/auberge-de-la-source-restaurant\\\/&quot;,&quot;is_external&quot;:&quot;&quot;,&quot;nofollow&quot;:&quot;&quot;,&quot;custom_attributes&quot;:&quot;&quot;},&quot;hover_area&quot;:&quot;animation&quot;,&quot;play_speed&quot;:{&quot;unit&quot;:&quot;px&quot;,&quot;size&quot;:1,&quot;sizes&quot;:[]},&quot;start_point&quot;:{&quot;unit&quot;:&quot;%&quot;,&quot;size&quot;:0,&quot;sizes&quot;:[]},&quot;end_point&quot;:{&quot;unit&quot;:&quot;%&quot;,&quot;size&quot;:100,&quot;sizes&quot;:[]},&quot;renderer&quot;:&quot;svg&quot;}\" data-widget_type=\"lottie.default\">\n\t\t\t\t<div class=\"elementor-widget-container\">\n\t\t\t\t\t<a class=\"e-lottie__container__link\" href=\"https:\/\/www.auberge-de-la-source.fr\/it\/restauration-hotel-restaurant-de-charme\/auberge-de-la-source-restaurant\/\"><div class=\"e-lottie__container\"><div class=\"e-lottie__animation\"><\/div><p class=\"e-lottie__caption\"> Scoprire<\/p><\/div><\/a>\t\t\t\t<\/div>\n\t\t\t\t<\/div>\n\t\t\t\t<\/div>\n\t\t\t\t<div class=\"elementor-element elementor-element-ea2ec4b elementor-absolute elementor-widget elementor-widget-image\" data-id=\"ea2ec4b\" data-element_type=\"widget\" data-e-type=\"widget\" data-settings=\"{&quot;_position&quot;:&quot;absolute&quot;}\" data-widget_type=\"image.default\">\n\t\t\t\t<div class=\"elementor-widget-container\">\n\t\t\t\t\t\t\t\t\t\t\t\t\t\t\t<img decoding=\"async\" width=\"600\" height=\"353\" src=\"https:\/\/www.auberge-de-la-source.fr\/wp-content\/uploads\/2023\/12\/tache.png\" class=\"attachment-large size-large wp-image-933\" alt=\"\" srcset=\"https:\/\/www.auberge-de-la-source.fr\/wp-content\/uploads\/2023\/12\/tache.png 600w, https:\/\/www.auberge-de-la-source.fr\/wp-content\/uploads\/2023\/12\/tache-300x177.png 300w, https:\/\/www.auberge-de-la-source.fr\/wp-content\/uploads\/2023\/12\/tache-18x12.png 18w\" sizes=\"(max-width: 600px) 100vw, 600px\" title=\"\">\t\t\t\t\t\t\t\t\t\t\t\t\t\t\t<\/div>\n\t\t\t\t<\/div>\n\t\t<div class=\"elementor-element elementor-element-26ff482 e-con-full elementor-hidden-mobile e-flex e-con e-child\" data-id=\"26ff482\" data-element_type=\"container\" data-e-type=\"container\">\n\t\t\t\t<\/div>\n\t\t\t\t<\/div>\n\t\t<div class=\"elementor-element elementor-element-3151ca5 e-con-full e-flex e-con e-parent\" data-id=\"3151ca5\" data-element_type=\"container\" data-e-type=\"container\" data-settings=\"{&quot;background_background&quot;:&quot;classic&quot;}\">\n\t\t<div class=\"elementor-element elementor-element-3597330 e-con-full elementor-hidden-mobile e-flex e-con e-child\" data-id=\"3597330\" data-element_type=\"container\" data-e-type=\"container\">\n\t\t\t\t<\/div>\n\t\t<div class=\"elementor-element elementor-element-789ddef e-con-full e-flex e-con e-child\" data-id=\"789ddef\" data-element_type=\"container\" data-e-type=\"container\">\n\t\t\t\t<div class=\"elementor-element elementor-element-851715d elementor-widget elementor-widget-heading\" data-id=\"851715d\" data-element_type=\"widget\" data-e-type=\"widget\" data-widget_type=\"heading.default\">\n\t\t\t\t<div class=\"elementor-widget-container\">\n\t\t\t\t\t<div class=\"elementor-heading-title elementor-size-default\">Ristorante<\/div>\t\t\t\t<\/div>\n\t\t\t\t<\/div>\n\t\t\t\t<div class=\"elementor-element elementor-element-e11f4c1 elementor-widget elementor-widget-heading\" data-id=\"e11f4c1\" data-element_type=\"widget\" data-e-type=\"widget\" data-widget_type=\"heading.default\">\n\t\t\t\t<div class=\"elementor-widget-container\">\n\t\t\t\t\t<h2 class=\"elementor-heading-title elementor-size-default\">Colazione<\/h2>\t\t\t\t<\/div>\n\t\t\t\t<\/div>\n\t\t\t\t<div class=\"elementor-element elementor-element-2ec3e6b elementor-widget elementor-widget-text-editor\" data-id=\"2ec3e6b\" data-element_type=\"widget\" data-e-type=\"widget\" data-widget_type=\"text-editor.default\">\n\t\t\t\t<div class=\"elementor-widget-container\">\n\t\t\t\t\t\t\t\t\t<p>Iniziate la giornata con una colazione all'insegna dei sapori della regione. Molti dei prodotti serviti al buffet sono fatti in casa e allieteranno la vostra giornata con ogni tipo di delizia.<\/p>\t\t\t\t\t\t\t\t<\/div>\n\t\t\t\t<\/div>\n\t\t\t\t<div class=\"elementor-element elementor-element-c9d256a btn-lottie center elementor-align-center elementor-widget elementor-widget-lottie\" data-id=\"c9d256a\" data-element_type=\"widget\" data-e-type=\"widget\" data-settings=\"{&quot;source_json&quot;:{&quot;url&quot;:&quot;https:\\\/\\\/www.auberge-de-la-source.fr\\\/wp-content\\\/uploads\\\/2024\\\/02\\\/Animation-Lottie-Horizontale.json&quot;,&quot;id&quot;:6161,&quot;size&quot;:&quot;&quot;,&quot;alt&quot;:&quot;&quot;,&quot;source&quot;:&quot;library&quot;},&quot;caption_source&quot;:&quot;custom&quot;,&quot;caption&quot;:&quot;D\\u00e9couvrir&quot;,&quot;link_to&quot;:&quot;custom&quot;,&quot;trigger&quot;:&quot;on_hover&quot;,&quot;on_hover_out&quot;:&quot;reverse&quot;,&quot;source&quot;:&quot;media_file&quot;,&quot;custom_link&quot;:{&quot;url&quot;:&quot;https:\\\/\\\/www.auberge-de-la-source.fr\\\/it\\\/restauration-hotel-restaurant-de-charme\\\/petit-dejeuner-hotel-restaurant-auberge-de-la-source\\\/&quot;,&quot;is_external&quot;:&quot;&quot;,&quot;nofollow&quot;:&quot;&quot;,&quot;custom_attributes&quot;:&quot;&quot;},&quot;hover_area&quot;:&quot;animation&quot;,&quot;play_speed&quot;:{&quot;unit&quot;:&quot;px&quot;,&quot;size&quot;:1,&quot;sizes&quot;:[]},&quot;start_point&quot;:{&quot;unit&quot;:&quot;%&quot;,&quot;size&quot;:0,&quot;sizes&quot;:[]},&quot;end_point&quot;:{&quot;unit&quot;:&quot;%&quot;,&quot;size&quot;:100,&quot;sizes&quot;:[]},&quot;renderer&quot;:&quot;svg&quot;}\" data-widget_type=\"lottie.default\">\n\t\t\t\t<div class=\"elementor-widget-container\">\n\t\t\t\t\t<a class=\"e-lottie__container__link\" href=\"https:\/\/www.auberge-de-la-source.fr\/it\/restauration-hotel-restaurant-de-charme\/petit-dejeuner-hotel-restaurant-auberge-de-la-source\/\"><div class=\"e-lottie__container\"><div class=\"e-lottie__animation\"><\/div><p class=\"e-lottie__caption\"> Scoprire<\/p><\/div><\/a>\t\t\t\t<\/div>\n\t\t\t\t<\/div>\n\t\t\t\t<\/div>\n\t\t\t\t<\/div>\n\t\t<div class=\"elementor-element elementor-element-8a67d68 e-flex e-con-boxed e-con e-parent\" data-id=\"8a67d68\" data-element_type=\"container\" data-e-type=\"container\" data-settings=\"{&quot;background_background&quot;:&quot;classic&quot;}\">\n\t\t\t\t\t<div class=\"e-con-inner\">\n\t\t<div class=\"elementor-element elementor-element-f261a1b e-con-full hoverLayerEffect e-flex e-con e-child\" data-id=\"f261a1b\" data-element_type=\"container\" data-e-type=\"container\" data-settings=\"{&quot;background_background&quot;:&quot;classic&quot;}\">\n\t\t<div class=\"elementor-element elementor-element-01f5119 e-con-full e-flex e-con e-child\" data-id=\"01f5119\" data-element_type=\"container\" data-e-type=\"container\">\n\t\t\t\t<div class=\"elementor-element elementor-element-b5387e2 elementor-widget__width-inherit elementor-widget elementor-widget-image\" data-id=\"b5387e2\" data-element_type=\"widget\" data-e-type=\"widget\" data-widget_type=\"image.default\">\n\t\t\t\t<div class=\"elementor-widget-container\">\n\t\t\t\t\t\t\t\t\t\t\t\t\t\t\t<img decoding=\"async\" width=\"2560\" height=\"1707\" src=\"https:\/\/www.auberge-de-la-source.fr\/wp-content\/uploads\/2024\/02\/Plats-19-scaled.jpg\" class=\"attachment-full size-full wp-image-5872\" alt=\"piatto gourmand in salsa - ristorante d&#039;albergo di charme\" srcset=\"https:\/\/www.auberge-de-la-source.fr\/wp-content\/uploads\/2024\/02\/Plats-19-scaled.jpg 2560w, https:\/\/www.auberge-de-la-source.fr\/wp-content\/uploads\/2024\/02\/Plats-19-300x200.jpg 300w, https:\/\/www.auberge-de-la-source.fr\/wp-content\/uploads\/2024\/02\/Plats-19-1024x683.jpg 1024w, https:\/\/www.auberge-de-la-source.fr\/wp-content\/uploads\/2024\/02\/Plats-19-768x512.jpg 768w, https:\/\/www.auberge-de-la-source.fr\/wp-content\/uploads\/2024\/02\/Plats-19-1536x1024.jpg 1536w, https:\/\/www.auberge-de-la-source.fr\/wp-content\/uploads\/2024\/02\/Plats-19-2048x1366.jpg 2048w, https:\/\/www.auberge-de-la-source.fr\/wp-content\/uploads\/2024\/02\/Plats-19-18x12.jpg 18w\" sizes=\"(max-width: 2560px) 100vw, 2560px\" title=\"\">\t\t\t\t\t\t\t\t\t\t\t\t\t\t\t<\/div>\n\t\t\t\t<\/div>\n\t\t\t\t<div class=\"elementor-element elementor-element-b7a69c9 elementor-widget__width-initial elementor-widget elementor-widget-image\" data-id=\"b7a69c9\" data-element_type=\"widget\" data-e-type=\"widget\" data-widget_type=\"image.default\">\n\t\t\t\t<div class=\"elementor-widget-container\">\n\t\t\t\t\t\t\t\t\t\t\t\t\t\t\t<img loading=\"lazy\" decoding=\"async\" width=\"683\" height=\"1024\" src=\"https:\/\/www.auberge-de-la-source.fr\/wp-content\/uploads\/2024\/02\/Plats-8-683x1024.jpg\" class=\"attachment-large size-large wp-image-5861\" alt=\"dessert gourmet del ristorante auberge de la source - ristorante d&#039;albergo di charme\" srcset=\"https:\/\/www.auberge-de-la-source.fr\/wp-content\/uploads\/2024\/02\/Plats-8-683x1024.jpg 683w, https:\/\/www.auberge-de-la-source.fr\/wp-content\/uploads\/2024\/02\/Plats-8-200x300.jpg 200w, https:\/\/www.auberge-de-la-source.fr\/wp-content\/uploads\/2024\/02\/Plats-8-768x1151.jpg 768w, https:\/\/www.auberge-de-la-source.fr\/wp-content\/uploads\/2024\/02\/Plats-8-1024x1536.jpg 1024w, https:\/\/www.auberge-de-la-source.fr\/wp-content\/uploads\/2024\/02\/Plats-8-1366x2048.jpg 1366w, https:\/\/www.auberge-de-la-source.fr\/wp-content\/uploads\/2024\/02\/Plats-8-8x12.jpg 8w, https:\/\/www.auberge-de-la-source.fr\/wp-content\/uploads\/2024\/02\/Plats-8-scaled.jpg 1707w\" sizes=\"(max-width: 683px) 100vw, 683px\" title=\"\">\t\t\t\t\t\t\t\t\t\t\t\t\t\t\t<\/div>\n\t\t\t\t<\/div>\n\t\t\t\t<div class=\"elementor-element elementor-element-3f45d33 elementor-widget__width-initial elementor-widget elementor-widget-image\" data-id=\"3f45d33\" data-element_type=\"widget\" data-e-type=\"widget\" data-widget_type=\"image.default\">\n\t\t\t\t<div class=\"elementor-widget-container\">\n\t\t\t\t\t\t\t\t\t\t\t\t\t\t\t<img loading=\"lazy\" decoding=\"async\" width=\"800\" height=\"534\" src=\"https:\/\/www.auberge-de-la-source.fr\/wp-content\/uploads\/2024\/02\/Plats-20-1024x683.jpg\" class=\"attachment-large size-large wp-image-5873\" alt=\"piatto gourmet con patate del ristorante auberge de la source - ristorante d&#039;albergo di charme\" srcset=\"https:\/\/www.auberge-de-la-source.fr\/wp-content\/uploads\/2024\/02\/Plats-20-1024x683.jpg 1024w, https:\/\/www.auberge-de-la-source.fr\/wp-content\/uploads\/2024\/02\/Plats-20-300x200.jpg 300w, https:\/\/www.auberge-de-la-source.fr\/wp-content\/uploads\/2024\/02\/Plats-20-768x512.jpg 768w, https:\/\/www.auberge-de-la-source.fr\/wp-content\/uploads\/2024\/02\/Plats-20-1536x1024.jpg 1536w, https:\/\/www.auberge-de-la-source.fr\/wp-content\/uploads\/2024\/02\/Plats-20-2048x1366.jpg 2048w, https:\/\/www.auberge-de-la-source.fr\/wp-content\/uploads\/2024\/02\/Plats-20-18x12.jpg 18w\" sizes=\"(max-width: 800px) 100vw, 800px\" title=\"\">\t\t\t\t\t\t\t\t\t\t\t\t\t\t\t<\/div>\n\t\t\t\t<\/div>\n\t\t\t\t<\/div>\n\t\t<div class=\"elementor-element elementor-element-6e7dc38 e-con-full e-flex e-con e-child\" data-id=\"6e7dc38\" data-element_type=\"container\" data-e-type=\"container\">\n\t\t\t\t<div class=\"elementor-element elementor-element-3033cc1 elementor-widget__width-inherit elementor-widget elementor-widget-image\" data-id=\"3033cc1\" data-element_type=\"widget\" data-e-type=\"widget\" data-widget_type=\"image.default\">\n\t\t\t\t<div class=\"elementor-widget-container\">\n\t\t\t\t\t\t\t\t\t\t\t\t\t\t\t<img loading=\"lazy\" decoding=\"async\" width=\"683\" height=\"1024\" src=\"https:\/\/www.auberge-de-la-source.fr\/wp-content\/uploads\/2024\/02\/Plats-18-683x1024.jpg\" class=\"attachment-large size-large wp-image-5871\" alt=\"piatti freschi da gourmet - ristorante dell&#039;hotel di charme\" srcset=\"https:\/\/www.auberge-de-la-source.fr\/wp-content\/uploads\/2024\/02\/Plats-18-683x1024.jpg 683w, https:\/\/www.auberge-de-la-source.fr\/wp-content\/uploads\/2024\/02\/Plats-18-200x300.jpg 200w, https:\/\/www.auberge-de-la-source.fr\/wp-content\/uploads\/2024\/02\/Plats-18-768x1152.jpg 768w, https:\/\/www.auberge-de-la-source.fr\/wp-content\/uploads\/2024\/02\/Plats-18-1024x1536.jpg 1024w, https:\/\/www.auberge-de-la-source.fr\/wp-content\/uploads\/2024\/02\/Plats-18-1366x2048.jpg 1366w, https:\/\/www.auberge-de-la-source.fr\/wp-content\/uploads\/2024\/02\/Plats-18-8x12.jpg 8w, https:\/\/www.auberge-de-la-source.fr\/wp-content\/uploads\/2024\/02\/Plats-18-scaled.jpg 1707w\" sizes=\"(max-width: 683px) 100vw, 683px\" title=\"\">\t\t\t\t\t\t\t\t\t\t\t\t\t\t\t<\/div>\n\t\t\t\t<\/div>\n\t\t\t\t<div class=\"elementor-element elementor-element-331024d elementor-widget__width-inherit elementor-widget elementor-widget-image\" data-id=\"331024d\" data-element_type=\"widget\" data-e-type=\"widget\" data-widget_type=\"image.default\">\n\t\t\t\t<div class=\"elementor-widget-container\">\n\t\t\t\t\t\t\t\t\t\t\t\t\t\t\t<img loading=\"lazy\" decoding=\"async\" width=\"800\" height=\"534\" src=\"https:\/\/www.auberge-de-la-source.fr\/wp-content\/uploads\/2024\/02\/Plats-17-1024x683.jpg\" class=\"attachment-large size-large wp-image-5870\" alt=\"menu del ristorante dell&#039;auberge de la source - hotel di charme in normandia\" srcset=\"https:\/\/www.auberge-de-la-source.fr\/wp-content\/uploads\/2024\/02\/Plats-17-1024x683.jpg 1024w, https:\/\/www.auberge-de-la-source.fr\/wp-content\/uploads\/2024\/02\/Plats-17-300x200.jpg 300w, https:\/\/www.auberge-de-la-source.fr\/wp-content\/uploads\/2024\/02\/Plats-17-768x512.jpg 768w, https:\/\/www.auberge-de-la-source.fr\/wp-content\/uploads\/2024\/02\/Plats-17-1536x1024.jpg 1536w, https:\/\/www.auberge-de-la-source.fr\/wp-content\/uploads\/2024\/02\/Plats-17-2048x1366.jpg 2048w, https:\/\/www.auberge-de-la-source.fr\/wp-content\/uploads\/2024\/02\/Plats-17-18x12.jpg 18w\" sizes=\"(max-width: 800px) 100vw, 800px\" title=\"\">\t\t\t\t\t\t\t\t\t\t\t\t\t\t\t<\/div>\n\t\t\t\t<\/div>\n\t\t\t\t<\/div>\n\t\t\t\t<\/div>\n\t\t\t\t\t<\/div>\n\t\t\t\t<\/div>\n\t\t<div class=\"elementor-element elementor-element-0862d61 e-flex e-con-boxed e-con e-parent\" data-id=\"0862d61\" data-element_type=\"container\" data-e-type=\"container\">\n\t\t\t\t\t<div class=\"e-con-inner\">\n\t\t\t\t<div class=\"elementor-element elementor-element-b1d4574 elementor-widget-divider--view-line_text elementor-widget-divider--element-align-right separateur elementor-widget elementor-widget-divider\" data-id=\"b1d4574\" data-element_type=\"widget\" data-e-type=\"widget\" data-widget_type=\"divider.default\">\n\t\t\t\t<div class=\"elementor-widget-container\">\n\t\t\t\t\t\t\t<div class=\"elementor-divider\">\n\t\t\t<span class=\"elementor-divider-separator\">\n\t\t\t\t\t\t\t<span class=\"elementor-divider__text elementor-divider__element\">\n\t\t\t\tEventi Privati o Professionali\t\t\t\t<\/span>\n\t\t\t\t\t\t<\/span>\n\t\t<\/div>\n\t\t\t\t\t\t<\/div>\n\t\t\t\t<\/div>\n\t\t<div class=\"elementor-element elementor-element-817eab9 e-flex e-con-boxed e-con e-child\" data-id=\"817eab9\" data-element_type=\"container\" data-e-type=\"container\" data-settings=\"{&quot;background_background&quot;:&quot;classic&quot;}\">\n\t\t\t\t\t<div class=\"e-con-inner\">\n\t\t\t\t<div class=\"elementor-element elementor-element-b7d136c elementor-widget elementor-widget-heading\" data-id=\"b7d136c\" data-element_type=\"widget\" data-e-type=\"widget\" data-widget_type=\"heading.default\">\n\t\t\t\t<div class=\"elementor-widget-container\">\n\t\t\t\t\t<h2 class=\"elementor-heading-title elementor-size-default\">Eventi Privati o Professionali<\/h2>\t\t\t\t<\/div>\n\t\t\t\t<\/div>\n\t\t\t\t<div class=\"elementor-element elementor-element-56d7846 elementor-align-left btn-lottie center elementor-widget elementor-widget-lottie\" data-id=\"56d7846\" data-element_type=\"widget\" data-e-type=\"widget\" data-settings=\"{&quot;source_json&quot;:{&quot;url&quot;:&quot;https:\\\/\\\/www.auberge-de-la-source.fr\\\/wp-content\\\/uploads\\\/2023\\\/12\\\/Animation_Lottie_Blanc.json&quot;,&quot;id&quot;:990,&quot;size&quot;:&quot;&quot;,&quot;alt&quot;:&quot;&quot;,&quot;source&quot;:&quot;library&quot;},&quot;caption_source&quot;:&quot;custom&quot;,&quot;caption&quot;:&quot;D\\u00e9couvrir&quot;,&quot;link_to&quot;:&quot;custom&quot;,&quot;trigger&quot;:&quot;on_hover&quot;,&quot;on_hover_out&quot;:&quot;reverse&quot;,&quot;source&quot;:&quot;media_file&quot;,&quot;custom_link&quot;:{&quot;url&quot;:&quot;https:\\\/\\\/www.auberge-de-la-source.fr\\\/it\\\/vos-evenements-hotel-4-etoiles-honfleur\\\/&quot;,&quot;is_external&quot;:&quot;&quot;,&quot;nofollow&quot;:&quot;&quot;,&quot;custom_attributes&quot;:&quot;&quot;},&quot;hover_area&quot;:&quot;animation&quot;,&quot;play_speed&quot;:{&quot;unit&quot;:&quot;px&quot;,&quot;size&quot;:1,&quot;sizes&quot;:[]},&quot;start_point&quot;:{&quot;unit&quot;:&quot;%&quot;,&quot;size&quot;:0,&quot;sizes&quot;:[]},&quot;end_point&quot;:{&quot;unit&quot;:&quot;%&quot;,&quot;size&quot;:100,&quot;sizes&quot;:[]},&quot;renderer&quot;:&quot;svg&quot;}\" data-widget_type=\"lottie.default\">\n\t\t\t\t<div class=\"elementor-widget-container\">\n\t\t\t\t\t<a class=\"e-lottie__container__link\" href=\"https:\/\/www.auberge-de-la-source.fr\/it\/vos-evenements-hotel-4-etoiles-honfleur\/\"><div class=\"e-lottie__container\"><div class=\"e-lottie__animation\"><\/div><p class=\"e-lottie__caption\"> Scoprire<\/p><\/div><\/a>\t\t\t\t<\/div>\n\t\t\t\t<\/div>\n\t\t\t\t\t<\/div>\n\t\t\t\t<\/div>\n\t\t\t\t\t<\/div>\n\t\t\t\t<\/div>\n\t\t\t\t<\/div>","protected":false},"excerpt":{"rendered":"<p>Restauration H\u00f4tel restaurant de charme Manger \u00e0 l&rsquo;Auberge de la Source De go\u00fbteuses saveurs savamment orchestr\u00e9es \u00e0 partir des produits du terroir normand, c\u2019est ce que proposent les Chefs Pierre Hanquez et Matthieu Pouleur, respectivement Chef du restaurant et Chef ex\u00e9cutif de la Collection Saint-Sim\u00e9on. Restaurant Le restaurant de l&rsquo;Auberge Notre Chef et sa brigade [&hellip;]<\/p>\n","protected":false},"author":5,"featured_media":0,"parent":0,"menu_order":0,"comment_status":"closed","ping_status":"closed","template":"","meta":{"inline_featured_image":false,"footnotes":""},"class_list":["post-74","page","type-page","status-publish","hentry"],"_links":{"self":[{"href":"https:\/\/www.auberge-de-la-source.fr\/it\/wp-json\/wp\/v2\/pages\/74","targetHints":{"allow":["GET"]}}],"collection":[{"href":"https:\/\/www.auberge-de-la-source.fr\/it\/wp-json\/wp\/v2\/pages"}],"about":[{"href":"https:\/\/www.auberge-de-la-source.fr\/it\/wp-json\/wp\/v2\/types\/page"}],"author":[{"embeddable":true,"href":"https:\/\/www.auberge-de-la-source.fr\/it\/wp-json\/wp\/v2\/users\/5"}],"replies":[{"embeddable":true,"href":"https:\/\/www.auberge-de-la-source.fr\/it\/wp-json\/wp\/v2\/comments?post=74"}],"version-history":[{"count":433,"href":"https:\/\/www.auberge-de-la-source.fr\/it\/wp-json\/wp\/v2\/pages\/74\/revisions"}],"predecessor-version":[{"id":7384,"href":"https:\/\/www.auberge-de-la-source.fr\/it\/wp-json\/wp\/v2\/pages\/74\/revisions\/7384"}],"wp:attachment":[{"href":"https:\/\/www.auberge-de-la-source.fr\/it\/wp-json\/wp\/v2\/media?parent=74"}],"curies":[{"name":"wp","href":"https:\/\/api.w.org\/{rel}","templated":true}]}}