{"id":101,"date":"2023-12-14T12:06:55","date_gmt":"2023-12-14T11:06:55","guid":{"rendered":"https:\/\/www.auberge-de-la-source.fr\/?page_id=101"},"modified":"2024-02-22T22:16:10","modified_gmt":"2024-02-22T21:16:10","slug":"informacao-juridica","status":"publish","type":"page","link":"https:\/\/www.auberge-de-la-source.fr\/pt\/mentions-legales\/","title":{"rendered":"Informa\u00e7\u00e3o jur\u00eddica"},"content":{"rendered":"<div data-elementor-type=\"wp-page\" data-elementor-id=\"101\" class=\"elementor elementor-101\" data-elementor-post-type=\"page\">\n\t\t\t\t<div class=\"elementor-element elementor-element-42d018f overflow-hidden-xs e-flex e-con-boxed e-con e-parent\" data-id=\"42d018f\" data-element_type=\"container\" data-e-type=\"container\">\n\t\t\t\t\t<div class=\"e-con-inner\">\n\t\t<div class=\"elementor-element elementor-element-eb82e1c bg-full-section-xs e-flex e-con-boxed e-con e-child\" data-id=\"eb82e1c\" data-element_type=\"container\" data-e-type=\"container\" data-settings=\"{&quot;background_background&quot;:&quot;classic&quot;}\">\n\t\t\t\t\t<div class=\"e-con-inner\">\n\t\t\t\t<div class=\"elementor-element elementor-element-b5cf183 elementor-absolute e-transform evt-tache-gauche elementor-widget elementor-widget-image\" data-id=\"b5cf183\" data-element_type=\"widget\" data-e-type=\"widget\" data-settings=\"{&quot;_position&quot;:&quot;absolute&quot;,&quot;_transform_rotateZ_effect&quot;:{&quot;unit&quot;:&quot;px&quot;,&quot;size&quot;:100,&quot;sizes&quot;:[]},&quot;_transform_rotateZ_effect_laptop&quot;:{&quot;unit&quot;:&quot;deg&quot;,&quot;size&quot;:&quot;&quot;,&quot;sizes&quot;:[]},&quot;_transform_rotateZ_effect_tablet&quot;:{&quot;unit&quot;:&quot;deg&quot;,&quot;size&quot;:&quot;&quot;,&quot;sizes&quot;:[]},&quot;_transform_rotateZ_effect_mobile&quot;:{&quot;unit&quot;:&quot;deg&quot;,&quot;size&quot;:&quot;&quot;,&quot;sizes&quot;:[]}}\" data-widget_type=\"image.default\">\n\t\t\t\t<div class=\"elementor-widget-container\">\n\t\t\t\t\t\t\t\t\t\t\t\t\t\t\t<img fetchpriority=\"high\" decoding=\"async\" width=\"618\" height=\"424\" src=\"https:\/\/www.auberge-de-la-source.fr\/wp-content\/uploads\/2024\/01\/tache-deco.png\" class=\"attachment-large size-large wp-image-1142\" alt=\"\" srcset=\"https:\/\/www.auberge-de-la-source.fr\/wp-content\/uploads\/2024\/01\/tache-deco.png 618w, https:\/\/www.auberge-de-la-source.fr\/wp-content\/uploads\/2024\/01\/tache-deco-300x206.png 300w, https:\/\/www.auberge-de-la-source.fr\/wp-content\/uploads\/2024\/01\/tache-deco-18x12.png 18w\" sizes=\"(max-width: 618px) 100vw, 618px\" title=\"\">\t\t\t\t\t\t\t\t\t\t\t\t\t\t\t<\/div>\n\t\t\t\t<\/div>\n\t\t\t\t<div class=\"elementor-element elementor-element-e4ed037 elementor-absolute e-transform evt-tache-droite elementor-widget elementor-widget-image\" data-id=\"e4ed037\" data-element_type=\"widget\" data-e-type=\"widget\" data-settings=\"{&quot;_position&quot;:&quot;absolute&quot;,&quot;_transform_rotateZ_effect&quot;:{&quot;unit&quot;:&quot;px&quot;,&quot;size&quot;:108,&quot;sizes&quot;:[]},&quot;_transform_rotateZ_effect_laptop&quot;:{&quot;unit&quot;:&quot;deg&quot;,&quot;size&quot;:&quot;&quot;,&quot;sizes&quot;:[]},&quot;_transform_rotateZ_effect_tablet&quot;:{&quot;unit&quot;:&quot;deg&quot;,&quot;size&quot;:&quot;&quot;,&quot;sizes&quot;:[]},&quot;_transform_rotateZ_effect_mobile&quot;:{&quot;unit&quot;:&quot;deg&quot;,&quot;size&quot;:&quot;&quot;,&quot;sizes&quot;:[]}}\" data-widget_type=\"image.default\">\n\t\t\t\t<div class=\"elementor-widget-container\">\n\t\t\t\t\t\t\t\t\t\t\t\t\t\t\t<img fetchpriority=\"high\" decoding=\"async\" width=\"618\" height=\"424\" src=\"https:\/\/www.auberge-de-la-source.fr\/wp-content\/uploads\/2024\/01\/tache-deco.png\" class=\"attachment-large size-large wp-image-1142\" alt=\"\" srcset=\"https:\/\/www.auberge-de-la-source.fr\/wp-content\/uploads\/2024\/01\/tache-deco.png 618w, https:\/\/www.auberge-de-la-source.fr\/wp-content\/uploads\/2024\/01\/tache-deco-300x206.png 300w, https:\/\/www.auberge-de-la-source.fr\/wp-content\/uploads\/2024\/01\/tache-deco-18x12.png 18w\" sizes=\"(max-width: 618px) 100vw, 618px\" title=\"\">\t\t\t\t\t\t\t\t\t\t\t\t\t\t\t<\/div>\n\t\t\t\t<\/div>\n\t\t\t\t<div class=\"elementor-element elementor-element-1ded75d event-titre elementor-widget elementor-widget-heading\" data-id=\"1ded75d\" data-element_type=\"widget\" data-e-type=\"widget\" data-widget_type=\"heading.default\">\n\t\t\t\t<div class=\"elementor-widget-container\">\n\t\t\t\t\t<h1 class=\"elementor-heading-title elementor-size-default\">Informa\u00e7\u00e3o jur\u00eddica<\/h1>\t\t\t\t<\/div>\n\t\t\t\t<\/div>\n\t\t\t\t\t<\/div>\n\t\t\t\t<\/div>\n\t\t\t\t\t<\/div>\n\t\t\t\t<\/div>\n\t\t<div class=\"elementor-element elementor-element-b1b0e85 e-flex e-con-boxed e-con e-parent\" data-id=\"b1b0e85\" data-element_type=\"container\" data-e-type=\"container\">\n\t\t\t\t\t<div class=\"e-con-inner\">\n\t\t\t\t<div class=\"elementor-element elementor-element-8fbec0c elementor-widget elementor-widget-text-editor\" data-id=\"8fbec0c\" data-element_type=\"widget\" data-e-type=\"widget\" data-widget_type=\"text-editor.default\">\n\t\t\t\t<div class=\"elementor-widget-container\">\n\t\t\t\t\t\t\t\t\t<p><strong>Nome da empresa operadora : <\/strong>SASU L'AUBERGE<br \/><strong>Correio eletr\u00f3nico : <\/strong>contact@auberge-de-la-source.fr<strong><br \/><\/strong><strong>Telefone : <\/strong>+33 2 31 89 25 02<br \/><strong>Capital social :<\/strong> 93 200 \u20ac<br \/><strong>N\u00famero de identifica\u00e7\u00e3o individual do IVA : <\/strong>FR77494115629<br \/><strong>N\u00famero de telefone :<\/strong> 49411562900011<br \/><strong>Cr\u00e9dito da fotografia :<\/strong> Eliophot \u00a9Auberge de la Source<\/p><h2>RESPONSABILIDADE<\/h2><p>Ao aceder a este s\u00edtio, o utilizador \u00e9 informado de que a utiliza\u00e7\u00e3o da Internet exige o respeito de um conjunto de leis relativas, nomeadamente, aos direitos de autor e \u00e0 lei sobre a prote\u00e7\u00e3o de dados. O Auberge de la Source e a ELIOPHOT n\u00e3o podem ser responsabilizados por eventuais erros ou omiss\u00f5es. O editor reserva-se igualmente o direito de modificar e atualizar a qualquer momento as informa\u00e7\u00f5es contidas no s\u00edtio.<\/p><h2>DIREITOS DE AUTOR<\/h2><p>Em conformidade com o C\u00f3digo da Propriedade Intelectual franc\u00eas, a reprodu\u00e7\u00e3o para fins n\u00e3o privados, a venda, a distribui\u00e7\u00e3o, a publica\u00e7\u00e3o, a adapta\u00e7\u00e3o ou a comunica\u00e7\u00e3o, parcial ou total, dos dados (apresenta\u00e7\u00e3o, disposi\u00e7\u00e3o do s\u00edtio, fotografias, textos e ilustra\u00e7\u00f5es protegidos por direitos de autor) est\u00e1 estritamente sujeita \u00e0 autoriza\u00e7\u00e3o pr\u00e9via, por escrito, dos titulares dos direitos acima mencionados.<\/p><h2>TECNOLOGIAS DA INFORMA\u00c7\u00c3O E LIBERDADES C\u00cdVICAS<\/h2><p>Qualquer utilizador que tenha fornecido, direta ou indiretamente, informa\u00e7\u00f5es nominativas tem o direito de acesso e retifica\u00e7\u00e3o nos termos da lei n.\u00ba 7817 de 6\/01\/78 (Inform\u00e1tica e Liberdades Civis), contactando o administrador do s\u00edtio.<\/p><h2>PROTEC\u00c7\u00c3O DE DADOS PESSOAIS<\/h2><h3>IDENTIDADE DO RESPONS\u00c1VEL PELO TRATAMENTO DE DADOS<\/h3><p>O s\u00edtio \u00e9 publicado pela empresa operadora cujos dados de contacto s\u00e3o indicados acima.<br \/>O acesso ao s\u00edtio Web e a utiliza\u00e7\u00e3o do seu conte\u00fado est\u00e3o sujeitos \u00e0s condi\u00e7\u00f5es de utiliza\u00e7\u00e3o descritas abaixo.<\/p><h3>NATUREZA DOS DADOS PESSOAIS<\/h3><p>Por \"dados pessoais\" entende-se qualquer informa\u00e7\u00e3o pessoal que possa ser partilhada com a sociedade gestora e que permita a esta \u00faltima, direta ou indiretamente, identific\u00e1-lo como pessoa singular, por exemplo quando visita o s\u00edtio Web, solicita informa\u00e7\u00f5es ou reserva um quarto ou outro servi\u00e7o.<\/p><h3>DADOS PESSOAIS RECOLHIDOS<\/h3><p>Poder\u00e1 ser-lhe pedido que forne\u00e7a os seus dados pessoais quando navega no s\u00edtio Web da empresa operadora.<\/p><p>O car\u00e1cter obrigat\u00f3rio ou facultativo das informa\u00e7\u00f5es solicitadas \u00e9 indicado no momento da recolha por um asterisco \"*\". As informa\u00e7\u00f5es assinaladas com um asterisco s\u00e3o obrigat\u00f3rias porque s\u00e3o indispens\u00e1veis para o tratamento dos seus diferentes pedidos. As outras informa\u00e7\u00f5es destinam-se a ajudar-nos a conhec\u00ea-lo melhor e a melhorar os servi\u00e7os que lhe oferecemos. S\u00e3o, por conseguinte, facultativas.<\/p><p>A sociedade operadora recolhe e trata o seu apelido, nome pr\u00f3prio, endere\u00e7o de correio eletr\u00f3nico, endere\u00e7o de fatura\u00e7\u00e3o, n\u00famero de telefone, endere\u00e7o IP, dados de liga\u00e7\u00e3o e de navega\u00e7\u00e3o, as suas prefer\u00eancias e interesses (quarto para n\u00e3o fumadores, quarto preferido, tipo de estadia, etc.) e as suas opini\u00f5es online.<\/p><h3>QUANDO \u00c9 QUE OS SEUS DADOS PESSOAIS S\u00c3O RECOLHIDOS?<\/h3><ul><li>O utilizador navega no s\u00edtio Web (endere\u00e7o IP e cookies) e consulta produtos ou servi\u00e7os;<\/li><li>Pode enviar \u00e0 sociedade gestora as suas observa\u00e7\u00f5es\/coment\u00e1rios em determinadas sec\u00e7\u00f5es, atrav\u00e9s de question\u00e1rios ou formul\u00e1rios de contacto, ou atrav\u00e9s da p\u00e1gina oficial das redes sociais da sociedade gestora;<\/li><li>Envia-se uma mensagem de correio eletr\u00f3nico \u00e0 sociedade operadora ;<\/li><li>Subscrever a lista de distribui\u00e7\u00e3o do boletim informativo;<\/li><li>Partilha-se uma p\u00e1gina ou uma oferta enviando um e-mail ou atrav\u00e9s de uma rede social;<\/li><li>Preenche um question\u00e1rio de satisfa\u00e7\u00e3o;<\/li><li>Solicita um or\u00e7amento.<\/li><\/ul><h3>ARMAZENAMENTO DE DADOS<\/h3><p>As informa\u00e7\u00f5es recolhidas s\u00e3o armazenadas nos nossos v\u00e1rios sistemas de reserva em bases de dados seguras e certificadas por SSL.<\/p><p>Esta base de dados inclui os nomes dos h\u00f3spedes, moradas, n\u00fameros de telefone, cargos, nomes de empresas e detalhes de cart\u00f5es de cr\u00e9dito. Podemos tamb\u00e9m registar outras informa\u00e7\u00f5es, como as prefer\u00eancias de quarto, refei\u00e7\u00f5es, bebidas e outros servi\u00e7os, bem como o hist\u00f3rico da sua estadia connosco.<\/p><h3>OBJECTIVO DA RECOLHA DE DADOS PELA SOCIEDADE OPERADORA<\/h3><p>Atrav\u00e9s do s\u00edtio Web, a empresa operadora recolhe informa\u00e7\u00f5es sobre o utilizador estritamente necess\u00e1rias para os seguintes fins:<\/p><ol><li>Para gerir os seus pedidos de informa\u00e7\u00e3o e reservas, bem como qualquer programa de fideliza\u00e7\u00e3o;<\/li><li>Para melhorar e personalizar os servi\u00e7os da empresa operadora, a fim de facilitar a sua navega\u00e7\u00e3o no s\u00edtio Web;<\/li><li>Gerir e acompanhar todas as rela\u00e7\u00f5es com os clientes;<\/li><li>Gerir as subscri\u00e7\u00f5es de not\u00edcias e ofertas promocionais da empresa operadora (newsletter);<\/li><li>Gerir todos os seus pedidos de acesso em conformidade com a legisla\u00e7\u00e3o em vigor;<\/li><li>Gest\u00e3o de facturas n\u00e3o pagas e lit\u00edgios;<\/li><li>Tratar das candidaturas \u00e0s vagas de emprego da empresa operadora que lhe cheguem ao conhecimento ou das candidaturas n\u00e3o solicitadas;<\/li><li>Medir a qualidade e a satisfa\u00e7\u00e3o.<\/li><\/ol><p>Se n\u00e3o fornecer as informa\u00e7\u00f5es necess\u00e1rias, o seu pedido n\u00e3o ser\u00e1 processado.<\/p><h2>COMPROMISSOS DA SOCIEDADE GESTORA EM MAT\u00c9RIA DE PROTEC\u00c7\u00c3O DE DADOS PESSOAIS<\/h2><h3>TRANSPAR\u00caNCIA E OBJECTIVO :<\/h3><p>Nenhum dado pessoal \u00e9 ou ser\u00e1 recolhido sem o seu conhecimento. O car\u00e1cter facultativo ou obrigat\u00f3rio das informa\u00e7\u00f5es a comunicar ao explorador no \u00e2mbito da recolha de dados efectuada no s\u00edtio Web ser-lhe-\u00e1 previamente indicado pela presen\u00e7a do s\u00edmbolo de asterisco \"*\". A sociedade gestora recolhe e trata os seus dados pessoais exclusivamente para os fins descritos no presente aviso legal.<\/p><h3>PROPORCIONALIDADE E RELEV\u00c2NCIA :<\/h3><p>A sociedade gestora apenas recolhe e trata os dados pessoais necess\u00e1rios para processar o seu pedido ou para personalizar os servi\u00e7os que lhe s\u00e3o propostos.<\/p><h3>TEMPO DE ARMAZENAMENTO DE DADOS :<\/h3><p>A empresa operadora apenas conservar\u00e1 os seus dados pessoais durante o tempo necess\u00e1rio para os tratar em conformidade com a legisla\u00e7\u00e3o aplic\u00e1vel.<\/p><h3>SEGURAN\u00c7A E CONFIDENCIALIDADE :<\/h3><p>A sociedade operadora compromete-se a tomar as medidas necess\u00e1rias para garantir a confidencialidade dos dados e a n\u00e3o os divulgar a terceiros n\u00e3o autorizados.<\/p><p>Poderemos ser obrigados a transmitir as suas informa\u00e7\u00f5es pessoais \u00e0s autoridades locais se tal for exigido por lei ou como parte de uma investiga\u00e7\u00e3o e em conformidade com os regulamentos locais.<\/p><p>Tal como a maioria dos s\u00edtios Web, determinadas informa\u00e7\u00f5es s\u00e3o registadas automaticamente atrav\u00e9s de um protocolo. Estas informa\u00e7\u00f5es incluem endere\u00e7os de protocolo (endere\u00e7o IP), tipo de browser utilizado, fornecedor de servi\u00e7os Internet, p\u00e1ginas de refer\u00eancia e finais, sistema operativo, data, hora e dados Clickstream.<\/p><p>Os cookies n\u00e3o registam as informa\u00e7\u00f5es fornecidas pelos utilizadores durante uma reserva em linha ou durante o registo de uma conta de cliente. Os cookies identificam o seu browser e n\u00e3o o utilizador, n\u00e3o podendo por si s\u00f3 revelar a sua identidade.<\/p><h3>RESPEITAR OS SEUS DIREITOS :<\/h3><p>\u00c9 informado do seu direito de consulta, de acesso, de retifica\u00e7\u00e3o e de oposi\u00e7\u00e3o por motivos leg\u00edtimos, bem como do seu direito de oposi\u00e7\u00e3o \u00e0 prospe\u00e7\u00e3o comercial, em conformidade com as disposi\u00e7\u00f5es da lei n.\u00ba 78-17 de 6 de janeiro de 1978.<\/p><h3>DIREITOS DE ACESSO, RECTIFICA\u00c7\u00c3O E OPOSI\u00c7\u00c3O :<\/h3><p>Em conformidade com a lei francesa n.\u00ba 78-17, de 6 de janeiro de 1978, relativa \u00e0 inform\u00e1tica, aos ficheiros e \u00e0s liberdades individuais, disp\u00f5e de um direito de acesso e de retifica\u00e7\u00e3o das informa\u00e7\u00f5es que lhe dizem respeito, mediante pedido escrito.<br \/>Pode tamb\u00e9m, por raz\u00f5es leg\u00edtimas, opor-se ao tratamento dos seus dados.<\/p><p>Para exercer qualquer um destes direitos e obter informa\u00e7\u00f5es sobre si, basta contactar a empresa operadora, cujos dados de contacto se encontram no in\u00edcio do presente Aviso Legal.<\/p><h2>COOKIES<\/h2><p>Quando visita o s\u00edtio Web, certas informa\u00e7\u00f5es relativas \u00e0 navega\u00e7\u00e3o do seu terminal podem ser registadas em ficheiros denominados \"cookies\" instalados no seu terminal, sob reserva das escolhas que fez em mat\u00e9ria de cookies e que pode modificar a qualquer momento.<\/p><p>Um cookie \u00e9 um pequeno ficheiro de texto armazenado num espa\u00e7o dedicado no disco r\u00edgido do seu terminal quando utiliza o seu navegador para consultar um servi\u00e7o em linha. Permite ao remetente identificar o terminal em que est\u00e1 armazenado durante o per\u00edodo de validade ou de armazenamento do cookie.<\/p><p>Os cookies emitidos pela sociedade operadora s\u00e3o utilizados para os fins descritos abaixo, durante o per\u00edodo de validade do cookie em causa, sob reserva das suas escolhas, que resultam das defini\u00e7\u00f5es do seu software de navega\u00e7\u00e3o utilizado quando visita o s\u00edtio Web e que pode alterar a qualquer momento.<\/p><p>Os cookies de empresas parceiras (cookies de terceiros) podem ser colocados no seu computador atrav\u00e9s das p\u00e1ginas do s\u00edtio Web<\/p><p>Apenas o remetente de um cookie \u00e9 suscet\u00edvel de ler ou modificar as informa\u00e7\u00f5es nele contidas.<\/p><p>No s\u00edtio Web s\u00e3o utilizados diferentes tipos de cookies para diferentes fins. Alguns s\u00e3o necess\u00e1rios para a sua utiliza\u00e7\u00e3o do s\u00edtio Web.<\/p><h3>COOKIES ANAL\u00cdTICOS<\/h3><p>Trata-se de cookies que permitem \u00e0 empresa operadora :<\/p><ul><li>gerar estat\u00edsticas sobre os diferentes elementos que comp\u00f5em o s\u00edtio Web (sec\u00e7\u00f5es e conte\u00fados visitados, percurso efectuado), a fim de melhorar a experi\u00eancia de navega\u00e7\u00e3o oferecida;<\/li><li>para contar o n\u00famero total de an\u00fancios exibidos por si nos seus espa\u00e7os publicit\u00e1rios, para identificar esses an\u00fancios, o n\u00famero de vezes que s\u00e3o exibidos, o n\u00famero de cliques e as informa\u00e7\u00f5es de navega\u00e7\u00e3o.<\/li><\/ul><p><u>Exemplo de cookies anal\u00edticos<\/u><\/p><ul><li>GA Analytics: registo de dados de navega\u00e7\u00e3o<\/li><li>utm Analytics: registo de dados de navega\u00e7\u00e3o<\/li><li>Campanha: registo de dados de navega\u00e7\u00e3o para campanhas publicit\u00e1rias<\/li><\/ul><h3>COOKIES E PLUG-INS DE REDES SOCIAIS (BOT\u00d5ES SOCIAIS)<\/h3><p>A sociedade exploradora pode incluir no s\u00edtio Web ferramentas para partilhar conte\u00fados com outras pessoas ou para informar essas pessoas da sua consulta ou opini\u00e3o sobre os conte\u00fados do nosso s\u00edtio. \u00c9 o caso, nomeadamente, dos bot\u00f5es \"Partilhar\" e \"Gosto\" das redes sociais como o Facebook, o Twitter, etc.<\/p><p>A empresa operadora n\u00e3o tem qualquer controlo sobre o processo utilizado pelas redes sociais para recolher informa\u00e7\u00f5es.<\/p><ul><li>Liga\u00e7\u00e3o ao Facebook: ligue-se utilizando a sua conta do Facebook<\/li><li>Facebook Social Graph: partilhar a p\u00e1gina no Facebook<\/li><li>Pinterest: partilhar a p\u00e1gina no Pinterest<\/li><li>Linkedin: partilhar a p\u00e1gina no Linkedin<\/li><li>Instagram: partilhar a p\u00e1gina no Instagram<\/li><\/ul><h3>COOKIES E IDENTIFICADORES DE M\u00c1QUINAS PARA TRANSAC\u00c7\u00d5ES SEGURAS<\/h3><p>Informamos que, quando efectua uma encomenda, a sociedade gestora, ou os seus prestadores de servi\u00e7os que actuam por sua conta, podem colocar cookies ou recolher informa\u00e7\u00f5es relativas ao seu terminal, nomeadamente as informa\u00e7\u00f5es (atributos t\u00e9cnicos de seguran\u00e7a) necess\u00e1rias para reconhecer o seu equipamento (computador, tablet ou telem\u00f3vel), a fim de identificar o seu equipamento para garantir as transac\u00e7\u00f5es no seu interesse.<\/p><h3>COOKIES DE PUBLICIDADE<\/h3><p>Os conte\u00fados publicit\u00e1rios (gr\u00e1ficos, anima\u00e7\u00f5es, v\u00eddeos, etc.) apresentados nos espa\u00e7os publicit\u00e1rios da sociedade exploradora podem conter cookies emitidos por terceiros que podem ser utilizados, durante o per\u00edodo de validade dos cookies, para contar os cliques e oferecer-lhe a publicidade mais adequada em fun\u00e7\u00e3o do seu comportamento de navega\u00e7\u00e3o, centros de interesse e prefer\u00eancias.<\/p><p>A recusa de cookies publicit\u00e1rios n\u00e3o tem qualquer impacto na utiliza\u00e7\u00e3o do s\u00edtio e n\u00e3o conduzir\u00e1 \u00e0 cessa\u00e7\u00e3o da publicidade no s\u00edtio ou na Internet. O \u00fanico efeito ser\u00e1 a apresenta\u00e7\u00e3o de publicidade que n\u00e3o tenha em conta os seus centros de interesse ou as suas prefer\u00eancias.<\/p><p>Estes cookies dependem principalmente das ag\u00eancias de publicidade. N\u00e3o podemos enumer\u00e1-las todas aqui:<\/p><ul><li>AdWords: compra de palavras-chave patrocinadas apresentadas no Google<\/li><li>P\u00fablico personalizado do Facebook<\/li><li>publicidade direccionada: registo dos padr\u00f5es de navega\u00e7\u00e3o<\/li><\/ul><h3>SEGMENTA\u00c7\u00c3O DA PUBLICIDADE<\/h3><p>O s\u00edtio pode conter cookies emitidos por terceiros (ag\u00eancias e ferramentas de publicidade) e permitir-lhes, durante o per\u00edodo de validade do cookie, recolher dados de navega\u00e7\u00e3o relativos aos dispositivos que se ligam aos nossos s\u00edtios e oferecer-lhe conte\u00fados publicit\u00e1rios suscept\u00edveis de corresponder \u00e0 sua navega\u00e7\u00e3o anterior no s\u00edtio.<\/p><p>A recolha destes dados n\u00e3o permitir\u00e1, em caso algum, que estes prestadores de servi\u00e7os o identifiquem pessoalmente. O seu apelido, nome pr\u00f3prio, nome de utilizador, endere\u00e7o postal, endere\u00e7o eletr\u00f3nico e palavra-passe n\u00e3o ser\u00e3o, em caso algum, comunicados a terceiros sem o seu consentimento pr\u00e9vio e expl\u00edcito.<\/p><h3>AS SUAS ESCOLHAS RELATIVAMENTE AOS COOKIES<\/h3><p>O utilizador tem v\u00e1rias op\u00e7\u00f5es para gerir os cookies. As defini\u00e7\u00f5es que fizer podem afetar a sua experi\u00eancia de navega\u00e7\u00e3o na Internet e as suas condi\u00e7\u00f5es de acesso a determinados servi\u00e7os que requerem a utiliza\u00e7\u00e3o de cookies.<\/p><h3>AS OP\u00c7\u00d5ES OFERECIDAS PELO SOFTWARE DO BROWSER<\/h3><p>Pode personalizar o seu navegador Web (Google Chrome, Internet Explorer, Mozilla Firefox, etc.) para que os cookies sejam armazenados no seu terminal ou, pelo contr\u00e1rio, sejam recusados.<\/p><h3>RECUSA DE COOKIES<\/h3><p>Se recusar aceitar os cookies, algumas fun\u00e7\u00f5es, como a identifica\u00e7\u00e3o\/liga\u00e7\u00e3o ao seu espa\u00e7o pessoal ou a personaliza\u00e7\u00e3o da sua navega\u00e7\u00e3o (escolha da l\u00edngua preferida, por exemplo), deixar\u00e3o de estar dispon\u00edveis.<\/p><p>A sociedade operadora declina qualquer responsabilidade pelas consequ\u00eancias do funcionamento degradado dos seus servi\u00e7os e fun\u00e7\u00f5es devido \u00e0 recusa do cookie.<\/p><h3>COMO EXERCER AS SUAS ESCOLHAS, CONSOANTE O NAVEGADOR QUE UTILIZA<\/h3><p>Para gerir os cookies e as suas escolhas, a configura\u00e7\u00e3o de cada navegador \u00e9 diferente. Isto \u00e9 descrito no menu de ajuda do seu navegador, que lhe dir\u00e1 como modificar as suas prefer\u00eancias em mat\u00e9ria de cookies.<\/p><p><u>Para o Internet Explorer\u2122 :<\/u><\/p><p><a href=\"https:\/\/support.microsoft.com\/fr-fr\/help\/17442\/windows-internet-explorer-delete-manage-cookies\" target=\"_blank\" rel=\"nofollow noopener\">Clique aqui<\/a><\/p><p>ou<\/p><p>No Internet Explorer, clique no bot\u00e3o Ferramentas e, em seguida, em Op\u00e7\u00f5es da Internet. No separador Geral, em Hist\u00f3rico de navega\u00e7\u00e3o, clique em Defini\u00e7\u00f5es. Clique no bot\u00e3o Ver ficheiros. Clique no cabe\u00e7alho da coluna Nome para ordenar todos os ficheiros por ordem alfab\u00e9tica e, em seguida, desloque-se para baixo na lista at\u00e9 ver os ficheiros que come\u00e7am com o prefixo \"Cookie\" (todos os cookies t\u00eam este prefixo e, normalmente, cont\u00eam o nome do s\u00edtio Web que criou o cookie). Seleccione o(s) cookie(s) que cont\u00e9m o nome da empresa operadora e elimine-o(s). Feche a janela que cont\u00e9m a lista de ficheiros e clique duas vezes em OK para regressar ao Internet Explorer.<\/p><p><u>Para o Safari\u2122:<\/u><\/p><p><a href=\"https:\/\/support.apple.com\/fr-fr\/guide\/safari\/sfri11471\/mac\" target=\"_blank\" rel=\"nofollow noopener\">Clique aqui<\/a><\/p><p>Ou<br \/>No seu browser, seleccione Editar &gt; Prefer\u00eancias. Clique em Seguran\u00e7a. Clique em Mostrar cookies. Seleccione os cookies que cont\u00eam o nome da empresa operadora e clique em Eliminar ou Eliminar tudo. Depois de ter eliminado os cookies, clique em Conclu\u00eddo.<\/p><p><u>Para o Chrome\u2122:<\/u><\/p><p><a href=\"https:\/\/support.google.com\/chrome\/bin\/answer.py?hl=fr&amp;hlrm=en&amp;answer=95647\" target=\"_blank\" rel=\"nofollow noopener\">Clique aqui<\/a><\/p><p>Ou<br \/>Abra o Google Chrome. Na barra de ferramentas do navegador, clique em Mais. Posicione o cursor em Mais ferramentas e, em seguida, clique em Limpar dados de navega\u00e7\u00e3o. Na janela \"Limpar dados de navega\u00e7\u00e3o\", assinale as caixas Cookies e dados de outros sites ou plug-ins e Imagens e ficheiros armazenados em cache. Utilize o menu na parte superior para selecionar a quantidade de dados que pretende eliminar. Seleccione Do in\u00edcio para eliminar tudo. Clique em Eliminar dados de navega\u00e7\u00e3o.<\/p><p><u>Para Firefox\u2122:<\/u><\/p><p><a href=\"https:\/\/support.mozilla.org\/fr\/kb\/Activer%20et%20d%C3%A9sactiver%20les%20cookies\" target=\"_blank\" rel=\"nofollow noopener\">Clique aqui<\/a><\/p><p>Ou<br \/>V\u00e1 ao separador \"Ferramentas\" do seu browser e seleccione o menu \"Op\u00e7\u00f5es\". Na janela que aparece, seleccione \"Privacidade\" e clique em \"Eliminar cookies espec\u00edficos\". Localize os ficheiros que cont\u00eam o nome da empresa operadora. Seleccione-os e elimine-os.<\/p><h3>PARA MAIS INFORMA\u00c7\u00d5ES SOBRE COOKIES<\/h3><p>A empresa operadora convida-o a consultar o s\u00edtio Web da CNIL no seguinte endere\u00e7o:\u00a0<a href=\"https:\/\/www.cnil.fr\/fr\/cookies-les-outils-pour-les-maitriser\" target=\"_blank\" rel=\"nofollow noopener\"><em>https:\/\/www.cnil.fr\/fr\/cookies-les-outils-pour-les-maitriser<\/em><\/a><\/p><h3>ENCAMINHAMENTO PARA O PROVEDOR DO CONSUMIDOR<\/h3><p>Em conformidade com os artigos L. 616-1 e R. 111-1 6\u00b0 do C\u00f3digo do Consumo, o cliente tem o direito de recorrer ao Provedor do Turismo e das Viagens, cujos contactos s\u00e3o atualmente os seguintes<br \/>Mediador de turismo e viagens,<br \/>MTV Media\u00e7\u00e3o Turismo Viagens<br \/>BP 80 303<br \/>75823 Paris Cedex 17<\/p>\t\t\t\t\t\t\t\t<\/div>\n\t\t\t\t<\/div>\n\t\t\t\t\t<\/div>\n\t\t\t\t<\/div>\n\t\t\t\t<\/div>","protected":false},"excerpt":{"rendered":"<p>Raison sociale de la soci\u00e9t\u00e9 exploitante : SASU L&rsquo;AUBERGEEmail : contact@auberge-de-la-source.frT\u00e9l\u00e9phone : +33 2 31 89 25 02Capital social : 93 200 \u20acNum\u00e9ro individuel d\u2019identification de TVA : FR77494115629Num\u00e9ro de Siret : 49411562900011Cr\u00e9dit photo : \u00a9Eliophot \u00a9Auberge de la Source RESPONSABILIT\u00c9 En acc\u00e9dant \u00e0 ce site, vous \u00eates inform\u00e9 que l\u2019utilisation d\u2019Internet n\u00e9cessite le respect [&hellip;]<\/p>\n","protected":false},"author":5,"featured_media":0,"parent":0,"menu_order":0,"comment_status":"closed","ping_status":"closed","template":"","meta":{"inline_featured_image":false,"footnotes":""},"class_list":["post-101","page","type-page","status-publish","hentry"],"_links":{"self":[{"href":"https:\/\/www.auberge-de-la-source.fr\/pt\/wp-json\/wp\/v2\/pages\/101","targetHints":{"allow":["GET"]}}],"collection":[{"href":"https:\/\/www.auberge-de-la-source.fr\/pt\/wp-json\/wp\/v2\/pages"}],"about":[{"href":"https:\/\/www.auberge-de-la-source.fr\/pt\/wp-json\/wp\/v2\/types\/page"}],"author":[{"embeddable":true,"href":"https:\/\/www.auberge-de-la-source.fr\/pt\/wp-json\/wp\/v2\/users\/5"}],"replies":[{"embeddable":true,"href":"https:\/\/www.auberge-de-la-source.fr\/pt\/wp-json\/wp\/v2\/comments?post=101"}],"version-history":[{"count":40,"href":"https:\/\/www.auberge-de-la-source.fr\/pt\/wp-json\/wp\/v2\/pages\/101\/revisions"}],"predecessor-version":[{"id":6354,"href":"https:\/\/www.auberge-de-la-source.fr\/pt\/wp-json\/wp\/v2\/pages\/101\/revisions\/6354"}],"wp:attachment":[{"href":"https:\/\/www.auberge-de-la-source.fr\/pt\/wp-json\/wp\/v2\/media?parent=101"}],"curies":[{"name":"wp","href":"https:\/\/api.w.org\/{rel}","templated":true}]}}